{"id":226,"date":"2023-02-05T10:34:22","date_gmt":"2023-02-05T08:34:22","guid":{"rendered":"https:\/\/granqvistfargard.fi\/?page_id=226"},"modified":"2026-02-10T09:47:42","modified_gmt":"2026-02-10T07:47:42","slug":"startsida","status":"publish","type":"page","link":"https:\/\/granqvistfargard.fi\/fi\/","title":{"rendered":"Etusivu"},"content":{"rendered":"<p><div class=\"fusion-fullwidth fullwidth-box fusion-builder-row-1 fusion-flex-container has-pattern-background has-mask-background faded-background fusion-parallax-none nonhundred-percent-fullwidth hundred-percent-height hundred-percent-height-center-content non-hundred-percent-height-scrolling\" style=\"--awb-border-radius-top-left:0px;--awb-border-radius-top-right:0px;--awb-border-radius-bottom-right:0px;--awb-border-radius-bottom-left:0px;--awb-background-image-medium:url(&#039;https:\/\/granqvistfargard.fi\/wp-content\/uploads\/2023\/02\/granqvist-fargard.jpg&#039;);--awb-background-image-small:url(&#039;https:\/\/granqvistfargard.fi\/wp-content\/uploads\/2023\/02\/granqvist-fargard.jpg&#039;);--awb-background-size:cover;--awb-flex-wrap:wrap;\" ><div class=\"fullwidth-faded\" style=\"--awb-background-image:url(https:\/\/granqvistfargard.fi\/wp-content\/uploads\/2023\/02\/granqvist-fargard.jpg);--awb-background-image-medium:url(&#039;https:\/\/granqvistfargard.fi\/wp-content\/uploads\/2023\/02\/granqvist-fargard.jpg&#039;);--awb-background-image-small:url(&#039;https:\/\/granqvistfargard.fi\/wp-content\/uploads\/2023\/02\/granqvist-fargard.jpg&#039;);--awb-background-size:cover;\" ><\/div><div class=\"fusion-builder-row fusion-row fusion-flex-align-items-center fusion-flex-align-content-center fusion-flex-content-wrap\" style=\"max-width:1331.2px;margin-left: calc(-4% \/ 2 );margin-right: calc(-4% \/ 2 );\"><div class=\"fusion-layout-column fusion_builder_column fusion-builder-column-0 fusion_builder_column_1_1 1_1 fusion-flex-column\" style=\"--awb-bg-size:cover;--awb-width-large:100%;--awb-margin-top-large:0px;--awb-spacing-right-large:1.92%;--awb-margin-bottom-large:20px;--awb-spacing-left-large:1.92%;--awb-width-medium:100%;--awb-order-medium:0;--awb-spacing-right-medium:1.92%;--awb-spacing-left-medium:1.92%;--awb-width-small:100%;--awb-order-small:0;--awb-spacing-right-small:1.92%;--awb-spacing-left-small:1.92%;\"><div class=\"fusion-column-wrapper fusion-column-has-shadow fusion-flex-justify-content-flex-start fusion-content-layout-column\"><div class=\"fusion-image-element \" style=\"text-align:center;--awb-caption-title-font-family:var(--h2_typography-font-family);--awb-caption-title-font-weight:var(--h2_typography-font-weight);--awb-caption-title-font-style:var(--h2_typography-font-style);--awb-caption-title-size:var(--h2_typography-font-size);--awb-caption-title-transform:var(--h2_typography-text-transform);--awb-caption-title-line-height:var(--h2_typography-line-height);--awb-caption-title-letter-spacing:var(--h2_typography-letter-spacing);\"><span class=\" fusion-imageframe imageframe-none imageframe-1 hover-type-none\"><img decoding=\"async\" width=\"600\" height=\"600\" title=\"Far-vit@2x\" src=\"https:\/\/granqvistfargard.fi\/wp-content\/uploads\/2023\/02\/Far-vit@2x.png\" alt class=\"img-responsive wp-image-218\" srcset=\"https:\/\/granqvistfargard.fi\/wp-content\/uploads\/2023\/02\/Far-vit@2x-200x200.png 200w, https:\/\/granqvistfargard.fi\/wp-content\/uploads\/2023\/02\/Far-vit@2x-400x400.png 400w, https:\/\/granqvistfargard.fi\/wp-content\/uploads\/2023\/02\/Far-vit@2x.png 600w\" sizes=\"(max-width: 640px) 100vw, 600px\" \/><\/span><\/div><div class=\"fusion-text fusion-text-1\" style=\"--awb-content-alignment:center;--awb-text-color:#ffffff;\"><p>sijaitsee Nybyn kyl\u00e4ss\u00e4 Petolahdessa, Pohjanmaalla<\/p>\n<\/div><i class=\"fb-icon-element-1 fb-icon-element fontawesome-icon fa-arrow-down fas circle-no fusion-animated\" style=\"--awb-font-size:32px;--awb-margin-top:0;--awb-margin-right:0;--awb-margin-bottom:0;--awb-margin-left:0;--awb-align-self:center;\" data-animationType=\"rubberBand\" data-animationDuration=\"2.0\" data-animationDelay=\"1.5\" data-animationOffset=\"top-into-view\"><\/i><\/div><\/div><\/div><\/div><div class=\"fusion-fullwidth fullwidth-box fusion-builder-row-2 fusion-flex-container has-pattern-background has-mask-background nonhundred-percent-fullwidth non-hundred-percent-height-scrolling\" style=\"--awb-background-blend-mode:overlay;--awb-border-radius-top-left:0px;--awb-border-radius-top-right:0px;--awb-border-radius-bottom-right:0px;--awb-border-radius-bottom-left:0px;--awb-padding-top:30px;--awb-flex-wrap:wrap;\" ><div class=\"fusion-builder-row fusion-row fusion-flex-align-items-center fusion-flex-align-content-center fusion-flex-content-wrap\" style=\"max-width:1331.2px;margin-left: calc(-4% \/ 2 );margin-right: calc(-4% \/ 2 );\"><div class=\"fusion-layout-column fusion_builder_column fusion-builder-column-1 fusion_builder_column_1_1 1_1 fusion-flex-column\" style=\"--awb-bg-size:cover;--awb-width-large:100%;--awb-margin-top-large:0px;--awb-spacing-right-large:1.92%;--awb-margin-bottom-large:20px;--awb-spacing-left-large:1.92%;--awb-width-medium:100%;--awb-order-medium:0;--awb-spacing-right-medium:1.92%;--awb-spacing-left-medium:1.92%;--awb-width-small:100%;--awb-order-small:0;--awb-spacing-right-small:1.92%;--awb-spacing-left-small:1.92%;\"><div class=\"fusion-column-wrapper fusion-column-has-shadow fusion-flex-justify-content-flex-start fusion-content-layout-column\"><div class=\"fusion-text fusion-text-2\" style=\"--awb-content-alignment:center;\"><h3>Tilaa py\u00f6rit\u00e4mme me, Ingela ja Pontus Granqvist. Toimintamme on pienimuotoista ja pid\u00e4mme el\u00e4imist\u00e4mme hyv\u00e4\u00e4 huolta.<\/h3>\n<p>Tilallamme on noin 130 uuhta, joista suurin osa on suomenlampaita. Pyrimme siihen, ett\u00e4 el\u00e4imet saavat laiduntaa pitki\u00e4 aikoja suurissa aitauksissa ja ulkoilla my\u00f6s talvisin s\u00e4\u00e4n salliessa.<\/p>\n<\/div><div class=\"fusion-image-element \" style=\"text-align:center;--awb-margin-top:30px;--awb-margin-bottom:30px;--awb-caption-title-font-family:var(--h2_typography-font-family);--awb-caption-title-font-weight:var(--h2_typography-font-weight);--awb-caption-title-font-style:var(--h2_typography-font-style);--awb-caption-title-size:var(--h2_typography-font-size);--awb-caption-title-transform:var(--h2_typography-text-transform);--awb-caption-title-line-height:var(--h2_typography-line-height);--awb-caption-title-letter-spacing:var(--h2_typography-letter-spacing);\"><span class=\" fusion-imageframe imageframe-none imageframe-2 hover-type-none fusion-animated\" data-animationType=\"fadeIn\" data-animationDuration=\"1.5\" data-animationDelay=\"1.0\" data-animationOffset=\"top-into-view\"><img decoding=\"async\" width=\"1600\" height=\"805\" title=\"granqvist-fargard-lamm\" src=\"https:\/\/granqvistfargard.fi\/wp-content\/uploads\/2023\/02\/granqvist-fargard-lamm.jpg\" alt class=\"img-responsive wp-image-222\" srcset=\"https:\/\/granqvistfargard.fi\/wp-content\/uploads\/2023\/02\/granqvist-fargard-lamm-200x101.jpg 200w, https:\/\/granqvistfargard.fi\/wp-content\/uploads\/2023\/02\/granqvist-fargard-lamm-400x201.jpg 400w, https:\/\/granqvistfargard.fi\/wp-content\/uploads\/2023\/02\/granqvist-fargard-lamm-600x302.jpg 600w, https:\/\/granqvistfargard.fi\/wp-content\/uploads\/2023\/02\/granqvist-fargard-lamm-800x403.jpg 800w, https:\/\/granqvistfargard.fi\/wp-content\/uploads\/2023\/02\/granqvist-fargard-lamm-1200x604.jpg 1200w, https:\/\/granqvistfargard.fi\/wp-content\/uploads\/2023\/02\/granqvist-fargard-lamm.jpg 1600w\" sizes=\"(max-width: 640px) 100vw, 1600px\" \/><\/span><\/div><div class=\"fusion-text fusion-text-3 fusion-text-no-margin\" style=\"--awb-content-alignment:center;--awb-text-color:#222222;--awb-margin-bottom:20px;\"><h4>Haluamme tarjota asiakkaillemme hyvinvoivien el\u00e4inten puhdasta lihaa.<\/h4>\n<p>Karitsat syntyv\u00e4t maaliskuussa ja niiden lukum\u00e4\u00e4r\u00e4 vaihtelee. Tuottamamme liha on karitsanlihaa eli alle 1-vuotiaan lampaan lihaa. Suomenlampaan liha on maultaan mietoa ja siin\u00e4 oleva rasva on helppo poistaa, koska se ei ole marmoroitunut lihan sis\u00e4lle. Kuljetamme karitsat itse teurastamolle hyv\u00e4ksytyll\u00e4 kuljetusv\u00e4lineell\u00e4mme. Tutut hoitajat v\u00e4hent\u00e4v\u00e4t el\u00e4inten stressi\u00e4 siirron aikana.<\/p>\n<p>Tuoreen lihan lis\u00e4ksi myymme my\u00f6s savustettuja tuotteita. Varastossamme on lihaa syyskuusta toukokuuhun. Savustettuja tuotteita on saatavilla p\u00e4\u00e4asiassa jouluksi ja p\u00e4\u00e4si\u00e4iseksi.<\/p>\n<\/div><div class=\"fusion-image-element \" style=\"text-align:center;--awb-margin-top:30px;--awb-margin-bottom:30px;--awb-caption-title-font-family:var(--h2_typography-font-family);--awb-caption-title-font-weight:var(--h2_typography-font-weight);--awb-caption-title-font-style:var(--h2_typography-font-style);--awb-caption-title-size:var(--h2_typography-font-size);--awb-caption-title-transform:var(--h2_typography-text-transform);--awb-caption-title-line-height:var(--h2_typography-line-height);--awb-caption-title-letter-spacing:var(--h2_typography-letter-spacing);\"><span class=\" fusion-imageframe imageframe-none imageframe-3 hover-type-none fusion-animated\" data-animationType=\"fadeIn\" data-animationDuration=\"1.5\" data-animationDelay=\"1.0\" data-animationOffset=\"top-into-view\"><img decoding=\"async\" width=\"1280\" height=\"1075\" title=\"pontus-ingela-granqvist-fargard\" src=\"https:\/\/granqvistfargard.fi\/wp-content\/uploads\/2026\/02\/pontus-ingela-granqvist-fargard.jpg\" alt class=\"img-responsive wp-image-353\" srcset=\"https:\/\/granqvistfargard.fi\/wp-content\/uploads\/2026\/02\/pontus-ingela-granqvist-fargard-200x168.jpg 200w, https:\/\/granqvistfargard.fi\/wp-content\/uploads\/2026\/02\/pontus-ingela-granqvist-fargard-400x336.jpg 400w, https:\/\/granqvistfargard.fi\/wp-content\/uploads\/2026\/02\/pontus-ingela-granqvist-fargard-600x504.jpg 600w, https:\/\/granqvistfargard.fi\/wp-content\/uploads\/2026\/02\/pontus-ingela-granqvist-fargard-800x672.jpg 800w, https:\/\/granqvistfargard.fi\/wp-content\/uploads\/2026\/02\/pontus-ingela-granqvist-fargard-1200x1008.jpg 1200w, https:\/\/granqvistfargard.fi\/wp-content\/uploads\/2026\/02\/pontus-ingela-granqvist-fargard.jpg 1280w\" sizes=\"(max-width: 640px) 100vw, 1280px\" \/><\/span><\/div><div class=\"fusion-text fusion-text-4 fusion-text-no-margin\" style=\"--awb-content-alignment:center;--awb-text-color:#222222;--awb-margin-bottom:20px;\"><h4>Myymme kaiken lihan itse ilman v\u00e4lik\u00e4si\u00e4.<\/h4>\n<p>Pid\u00e4mme tilamyym\u00e4l\u00e4\u00e4, myymme tuotteita seudun REKO-ringeiss\u00e4 sek\u00e4 l\u00e4hialueella pidett\u00e4vill\u00e4 markkinoilla.<\/p>\n<\/div><div style=\"text-align:center;\"><a class=\"fusion-button button-flat fusion-button-default-size button-default fusion-button-default button-1 fusion-button-default-span fusion-button-default-type\" style=\"--button_margin-top:20px;\" target=\"_self\" href=\"https:\/\/granqvistfargard.fi\/fi\/tilaa-tasta\/\"><i class=\"fa-cart-plus fas awb-button__icon awb-button__icon--default button-icon-left\" aria-hidden=\"true\"><\/i><span class=\"fusion-button-text awb-button__text awb-button__text--default\">Tilaa tuotteitamme t\u00e4st\u00e4<\/span><\/a><\/div><\/div><\/div><\/div><\/div><\/p>\n","protected":false},"excerpt":{"rendered":"","protected":false},"author":1,"featured_media":0,"parent":0,"menu_order":0,"comment_status":"closed","ping_status":"closed","template":"100-width.php","meta":{"footnotes":""},"class_list":["post-226","page","type-page","status-publish","hentry"],"_links":{"self":[{"href":"https:\/\/granqvistfargard.fi\/fi\/wp-json\/wp\/v2\/pages\/226","targetHints":{"allow":["GET"]}}],"collection":[{"href":"https:\/\/granqvistfargard.fi\/fi\/wp-json\/wp\/v2\/pages"}],"about":[{"href":"https:\/\/granqvistfargard.fi\/fi\/wp-json\/wp\/v2\/types\/page"}],"author":[{"embeddable":true,"href":"https:\/\/granqvistfargard.fi\/fi\/wp-json\/wp\/v2\/users\/1"}],"replies":[{"embeddable":true,"href":"https:\/\/granqvistfargard.fi\/fi\/wp-json\/wp\/v2\/comments?post=226"}],"version-history":[{"count":11,"href":"https:\/\/granqvistfargard.fi\/fi\/wp-json\/wp\/v2\/pages\/226\/revisions"}],"predecessor-version":[{"id":358,"href":"https:\/\/granqvistfargard.fi\/fi\/wp-json\/wp\/v2\/pages\/226\/revisions\/358"}],"wp:attachment":[{"href":"https:\/\/granqvistfargard.fi\/fi\/wp-json\/wp\/v2\/media?parent=226"}],"curies":[{"name":"wp","href":"https:\/\/api.w.org\/{rel}","templated":true}]}}